{"id":988146,"date":"2024-05-11T20:29:57","date_gmt":"2024-05-11T23:29:57","guid":{"rendered":"https:\/\/gfirerepresentacoes.com.br\/?page_id=988146"},"modified":"2024-05-14T08:41:01","modified_gmt":"2024-05-14T11:41:01","slug":"gfire-representacoes-contato-confirmado","status":"publish","type":"page","link":"https:\/\/gfirerepresentacoes.com.br\/index.php\/gfire-representacoes-contato-confirmado\/","title":{"rendered":"Contato Confirmado"},"content":{"rendered":"\t\t<div data-elementor-type=\"wp-page\" data-elementor-id=\"988146\" class=\"elementor elementor-988146\" data-elementor-post-type=\"page\">\n\t\t\t\t<div class=\"elementor-element elementor-element-cfb96d3 e-flex e-con-boxed e-con e-parent\" data-id=\"cfb96d3\" data-element_type=\"container\" data-settings=\"{&quot;content_width&quot;:&quot;boxed&quot;}\" data-core-v316-plus=\"true\">\n\t\t\t\t\t<div class=\"e-con-inner\">\n\t\t\t\t<div class=\"elementor-element elementor-element-563d409 elementor-widget elementor-widget-html\" data-id=\"563d409\" data-element_type=\"widget\" data-widget_type=\"html.default\">\n\t\t\t\t<div class=\"elementor-widget-container\">\n\t\t\t<!-- Event snippet for Contato conversion page --> <script> gtag('event', 'conversion', {'send_to': 'AW-16553594466\/C152CLDw36wZEOKcr9U9'}); <\/script>\t\t<\/div>\n\t\t\t\t<\/div>\n\t\t\t\t\t<\/div>\n\t\t\t\t<\/div>\n\t\t<div class=\"elementor-element elementor-element-14f5212 e-flex e-con-boxed e-con e-parent\" data-id=\"14f5212\" data-element_type=\"container\" data-settings=\"{&quot;content_width&quot;:&quot;boxed&quot;}\" data-core-v316-plus=\"true\">\n\t\t\t\t\t<div class=\"e-con-inner\">\n\t\t\t\t<div class=\"elementor-element elementor-element-18f8b99 elementor-widget elementor-widget-image\" data-id=\"18f8b99\" data-element_type=\"widget\" data-widget_type=\"image.default\">\n\t\t\t\t<div class=\"elementor-widget-container\">\n\t\t\t<style>\/*! elementor - v3.19.0 - 07-02-2024 *\/\n.elementor-widget-image{text-align:center}.elementor-widget-image a{display:inline-block}.elementor-widget-image a img[src$=\".svg\"]{width:48px}.elementor-widget-image img{vertical-align:middle;display:inline-block}<\/style>\t\t\t\t\t\t\t\t\t\t<img decoding=\"async\" width=\"150\" height=\"150\" src=\"https:\/\/gfirerepresentacoes.com.br\/wp-content\/uploads\/2024\/05\/whatsapp-logo-1-150x150.png\" class=\"attachment-thumbnail size-thumbnail wp-image-988148\" alt=\"\" srcset=\"https:\/\/gfirerepresentacoes.com.br\/wp-content\/uploads\/2024\/05\/whatsapp-logo-1-150x150.png 150w, https:\/\/gfirerepresentacoes.com.br\/wp-content\/uploads\/2024\/05\/whatsapp-logo-1-300x300.png 300w, https:\/\/gfirerepresentacoes.com.br\/wp-content\/uploads\/2024\/05\/whatsapp-logo-1-1019x1024.png 1019w, https:\/\/gfirerepresentacoes.com.br\/wp-content\/uploads\/2024\/05\/whatsapp-logo-1-768x772.png 768w, https:\/\/gfirerepresentacoes.com.br\/wp-content\/uploads\/2024\/05\/whatsapp-logo-1-1529x1536.png 1529w, https:\/\/gfirerepresentacoes.com.br\/wp-content\/uploads\/2024\/05\/whatsapp-logo-1-2039x2048.png 2039w\" sizes=\"(max-width: 150px) 100vw, 150px\" \/>\t\t\t\t\t\t\t\t\t\t\t\t\t<\/div>\n\t\t\t\t<\/div>\n\t\t\t\t<div class=\"elementor-element elementor-element-4d18b1b elementor-widget elementor-widget-html\" data-id=\"4d18b1b\" data-element_type=\"widget\" data-widget_type=\"html.default\">\n\t\t\t\t<div class=\"elementor-widget-container\">\n\t\t\t<script>\r  var whatsappNumber = '5511991180112'; \r  var whatsappMessage = 'Ol\u00e1, gostaria de mais informa\u00e7\u00f5es sobre a Gfire Representa\u00e7\u00f5es.';\r  var whatsappURL = 'https:\/\/wa.me\/' + whatsappNumber + '?text=' + encodeURIComponent(whatsappMessage);\r\rsetTimeout(function() {\r    window.location.href = whatsappURL;\r  }, 3000);\r<\/script>\t\t<\/div>\n\t\t\t\t<\/div>\n\t\t\t\t\t<\/div>\n\t\t\t\t<\/div>\n\t\t<div class=\"elementor-element elementor-element-43478f7 e-flex e-con-boxed e-con e-parent\" data-id=\"43478f7\" data-element_type=\"container\" data-settings=\"{&quot;content_width&quot;:&quot;boxed&quot;}\" data-core-v316-plus=\"true\">\n\t\t\t\t\t<div class=\"e-con-inner\">\n\t\t\t\t<div class=\"elementor-element elementor-element-c2b5b1a elementor-widget elementor-widget-heading\" data-id=\"c2b5b1a\" data-element_type=\"widget\" data-widget_type=\"heading.default\">\n\t\t\t\t<div class=\"elementor-widget-container\">\n\t\t\t<style>\/*! elementor - v3.19.0 - 07-02-2024 *\/\n.elementor-heading-title{padding:0;margin:0;line-height:1}.elementor-widget-heading .elementor-heading-title[class*=elementor-size-]>a{color:inherit;font-size:inherit;line-height:inherit}.elementor-widget-heading .elementor-heading-title.elementor-size-small{font-size:15px}.elementor-widget-heading .elementor-heading-title.elementor-size-medium{font-size:19px}.elementor-widget-heading .elementor-heading-title.elementor-size-large{font-size:29px}.elementor-widget-heading .elementor-heading-title.elementor-size-xl{font-size:39px}.elementor-widget-heading .elementor-heading-title.elementor-size-xxl{font-size:59px}<\/style><h4 class=\"elementor-heading-title elementor-size-default\">Voc\u00ea foi encaminhado para nosso WhatsApp, em alguns instantes iremos te responder!<\/h4>\t\t<\/div>\n\t\t\t\t<\/div>\n\t\t\t\t<div class=\"vamtam-has-theme-widget-styles elementor-element elementor-element-b64a73a elementor-align-center vamtam-has-underline-anim elementor-widget elementor-widget-button\" data-id=\"b64a73a\" data-element_type=\"widget\" data-widget_type=\"button.default\">\n\t\t\t\t<div class=\"elementor-widget-container\">\n\t\t\t\t\t<div class=\"elementor-button-wrapper\">\n\t\t\t<a class=\"elementor-button elementor-button-link elementor-size-sm\" href=\"https:\/\/gfirerepresentacoes.com.br\">\n\t\t\t\t\t\t<span class=\"elementor-button-content-wrapper\">\n\t\t\t\t\t\t<span class=\"elementor-button-text\">P\u00e1gina inicial<\/span>\n\t\t<\/span>\n\t\t\t\t\t<\/a>\n\t\t<\/div>\n\t\t\t\t<\/div>\n\t\t\t\t<\/div>\n\t\t\t\t\t<\/div>\n\t\t\t\t<\/div>\n\t\t<div class=\"elementor-element elementor-element-fe68c23 e-flex e-con-boxed e-con e-parent\" data-id=\"fe68c23\" data-element_type=\"container\" data-settings=\"{&quot;content_width&quot;:&quot;boxed&quot;}\" data-core-v316-plus=\"true\">\n\t\t\t\t\t<div class=\"e-con-inner\">\n\t\t\t\t\t<\/div>\n\t\t\t\t<\/div>\n\t\t\t\t<\/div>\n\t\t","protected":false},"excerpt":{"rendered":"<p>Voc\u00ea foi encaminhado para nosso WhatsApp, em alguns instantes iremos te responder! P\u00e1gina inicial<\/p>\n","protected":false},"author":1,"featured_media":0,"parent":0,"menu_order":0,"comment_status":"closed","ping_status":"closed","template":"","meta":{"footnotes":""},"_links":{"self":[{"href":"https:\/\/gfirerepresentacoes.com.br\/index.php\/wp-json\/wp\/v2\/pages\/988146"}],"collection":[{"href":"https:\/\/gfirerepresentacoes.com.br\/index.php\/wp-json\/wp\/v2\/pages"}],"about":[{"href":"https:\/\/gfirerepresentacoes.com.br\/index.php\/wp-json\/wp\/v2\/types\/page"}],"author":[{"embeddable":true,"href":"https:\/\/gfirerepresentacoes.com.br\/index.php\/wp-json\/wp\/v2\/users\/1"}],"replies":[{"embeddable":true,"href":"https:\/\/gfirerepresentacoes.com.br\/index.php\/wp-json\/wp\/v2\/comments?post=988146"}],"version-history":[{"count":33,"href":"https:\/\/gfirerepresentacoes.com.br\/index.php\/wp-json\/wp\/v2\/pages\/988146\/revisions"}],"predecessor-version":[{"id":988183,"href":"https:\/\/gfirerepresentacoes.com.br\/index.php\/wp-json\/wp\/v2\/pages\/988146\/revisions\/988183"}],"wp:attachment":[{"href":"https:\/\/gfirerepresentacoes.com.br\/index.php\/wp-json\/wp\/v2\/media?parent=988146"}],"curies":[{"name":"wp","href":"https:\/\/api.w.org\/{rel}","templated":true}]}}